{"id":55,"date":"2016-11-22T11:22:33","date_gmt":"2016-11-22T10:22:33","guid":{"rendered":"http:\/\/babylonband.cz\/domains\/babylonband.cz\/?page_id=55"},"modified":"2017-05-29T21:27:23","modified_gmt":"2017-05-29T20:27:23","slug":"je-komu-napsat","status":"publish","type":"page","link":"https:\/\/babylonband.cz\/domains\/babylonband.cz\/je-komu-napsat\/","title":{"rendered":"JE KOMU NAPSAT"},"content":{"rendered":"<p>[et_pb_section admin_label=&#8220;section&#8220;][et_pb_row admin_label=&#8220;row&#8220;][et_pb_column type=&#8220;1_3&#8243;][et_pb_image admin_label=&#8220;Image&#8220; src=&#8220;http:\/\/babylonband.cz\/domains\/babylonband.cz\/wp-content\/uploads\/2016\/11\/babylon_ctverec.png&#8220; show_in_lightbox=&#8220;off&#8220; url_new_window=&#8220;off&#8220; use_overlay=&#8220;off&#8220; animation=&#8220;left&#8220; sticky=&#8220;off&#8220; align=&#8220;left&#8220; force_fullwidth=&#8220;off&#8220; always_center_on_mobile=&#8220;on&#8220; use_border_color=&#8220;off&#8220; border_color=&#8220;#ffffff&#8220; border_style=&#8220;solid&#8220;] [\/et_pb_image][\/et_pb_column][et_pb_column type=&#8220;2_3&#8243;][et_pb_text admin_label=&#8220;Text&#8220; background_layout=&#8220;light&#8220; text_orientation=&#8220;left&#8220; use_border_color=&#8220;off&#8220; border_color=&#8220;#ffffff&#8220; border_style=&#8220;solid&#8220;]<\/p>\n<p><b>www <\/b>(tady jste, tak\u017ee na tohle neklikejte&#8230;)<b><br \/>\n<\/b><a href=\"http:\/\/www.babylonband.cz\/\">www.babylonband.cz<\/a><\/p>\n<p><b>FB<br \/>\n<\/b><a href=\"https:\/\/www.facebook.com\/projektBABYlon\/\">https:\/\/www.facebook.com\/projektBABYlon\/<\/a><\/p>\n<p><b>Bandzone<br \/>\n<\/b><a href=\"http:\/\/bandzone.cz\/babylonband\">http:\/\/bandzone.cz\/babylonband<\/a><\/p>\n<p><b>E-mail<br \/>\n<\/b><a href=\"mailto:kapela@babylonband.cz\">kapela@babylonband.cz<\/a><\/p>\n<p><b>Telefon<br \/>\n<\/b>\u0160\u00e1rka Pichrtov\u00e1 &#8211; 776719266<\/p>\n<p>[\/et_pb_text][\/et_pb_column][\/et_pb_row][\/et_pb_section]<\/p>\n","protected":false},"excerpt":{"rendered":"<p>www (tady jste, tak\u017ee na tohle neklikejte&#8230;) www.babylonband.cz FB https:\/\/www.facebook.com\/projektBABYlon\/ Bandzone http:\/\/bandzone.cz\/babylonband E-mail kapela@babylonband.cz Telefon \u0160\u00e1rka Pichrtov\u00e1 &#8211; 776719266<\/p>\n","protected":false},"author":1,"featured_media":0,"parent":0,"menu_order":0,"comment_status":"closed","ping_status":"closed","template":"","meta":{"_et_pb_use_builder":"on","_et_pb_old_content":"","_et_gb_content_width":""},"_links":{"self":[{"href":"https:\/\/babylonband.cz\/domains\/babylonband.cz\/wp-json\/wp\/v2\/pages\/55"}],"collection":[{"href":"https:\/\/babylonband.cz\/domains\/babylonband.cz\/wp-json\/wp\/v2\/pages"}],"about":[{"href":"https:\/\/babylonband.cz\/domains\/babylonband.cz\/wp-json\/wp\/v2\/types\/page"}],"author":[{"embeddable":true,"href":"https:\/\/babylonband.cz\/domains\/babylonband.cz\/wp-json\/wp\/v2\/users\/1"}],"replies":[{"embeddable":true,"href":"https:\/\/babylonband.cz\/domains\/babylonband.cz\/wp-json\/wp\/v2\/comments?post=55"}],"version-history":[{"count":4,"href":"https:\/\/babylonband.cz\/domains\/babylonband.cz\/wp-json\/wp\/v2\/pages\/55\/revisions"}],"predecessor-version":[{"id":411,"href":"https:\/\/babylonband.cz\/domains\/babylonband.cz\/wp-json\/wp\/v2\/pages\/55\/revisions\/411"}],"wp:attachment":[{"href":"https:\/\/babylonband.cz\/domains\/babylonband.cz\/wp-json\/wp\/v2\/media?parent=55"}],"curies":[{"name":"wp","href":"https:\/\/api.w.org\/{rel}","templated":true}]}}