{"id":51,"date":"2016-11-22T11:22:03","date_gmt":"2016-11-22T10:22:03","guid":{"rendered":"http:\/\/babylonband.cz\/domains\/babylonband.cz\/?page_id=51"},"modified":"2017-07-09T19:22:05","modified_gmt":"2017-07-09T18:22:05","slug":"se-o-nas-pise","status":"publish","type":"page","link":"https:\/\/babylonband.cz\/domains\/babylonband.cz\/se-o-nas-pise\/","title":{"rendered":"SE O N\u00c1S P\u00cd\u0160E"},"content":{"rendered":"<p>[et_pb_section admin_label=&#8220;section&#8220;][et_pb_row admin_label=&#8220;row&#8220;][et_pb_column type=&#8220;1_3&#8243;][et_pb_image admin_label=&#8220;Image&#8220; src=&#8220;http:\/\/babylonband.cz\/domains\/babylonband.cz\/wp-content\/uploads\/2016\/11\/SE-O-N\u00c1S-P\u00cd\u0160E.png&#8220; show_in_lightbox=&#8220;off&#8220; url_new_window=&#8220;off&#8220; use_overlay=&#8220;off&#8220; animation=&#8220;left&#8220; sticky=&#8220;off&#8220; align=&#8220;left&#8220; force_fullwidth=&#8220;off&#8220; always_center_on_mobile=&#8220;on&#8220; use_border_color=&#8220;off&#8220; border_color=&#8220;#ffffff&#8220; border_style=&#8220;solid&#8220;] [\/et_pb_image][\/et_pb_column][et_pb_column type=&#8220;2_3&#8243;][et_pb_text admin_label=&#8220;Text&#8220; background_layout=&#8220;light&#8220; text_orientation=&#8220;left&#8220; use_border_color=&#8220;off&#8220; border_color=&#8220;#ffffff&#8220; border_style=&#8220;solid&#8220; text_text_color=&#8220;#000000&#8243;]<\/p>\n<div><\/div>\n<div><\/div>\n<div>&#8211; <strong>Rock&amp;Pop<\/strong><b> 7\/2017<br \/>\n<\/b>\u010dl\u00e1nek <a href=\"http:\/\/babylonband.cz\/domains\/babylonband.cz\/wp-content\/uploads\/2016\/11\/2017-ROCKPOP.pdf\">ZDE<\/a> <em>(\u010dl\u00e1nek se otev\u0159e v nov\u00e9m okn\u011b)<\/em><\/div>\n<div><span style=\"color: #ffffff;\">\u00a0.<\/span><\/div>\n<div><\/div>\n<div>&#8211; <b>Novinky.cz 4\/2017<br \/>\n<\/b>\u010dl\u00e1nek\u00a0<a href=\"https:\/\/www.novinky.cz\/vase-zpravy\/praha\/5382-44031-babylon-band-oslavi-den-deti-krtem-cd-nejen-s-detmi.html\" target=\"_blank\" rel=\"noopener noreferrer\">ZDE<\/a>\u00a0<em>(\u010dl\u00e1nek se otev\u0159e v nov\u00e9m okn\u011b)<\/em><\/div>\n<div><span style=\"color: #ffffff;\">\u00a0.<\/span><\/div>\n<div><\/div>\n<div>&#8211; <b>\u00dasteck\u00fd den\u00edk 8. 6. 2016<\/b><\/div>\n<div>\u010dl\u00e1nek\u00a0<a href=\"http:\/\/ustecky.denik.cz\/kultura_region\/babylon-vitez-porty-pry-vznikl-kvuli-detem-20160608.html\" target=\"_blank\" rel=\"noopener noreferrer\">ZDE<\/a>\u00a0<em>(\u010dl\u00e1nek se otev\u0159e v nov\u00e9m okn\u011b)<\/em><\/div>\n<div><span style=\"color: #ffffff;\">.<\/span><\/div>\n<p>[\/et_pb_text][\/et_pb_column][\/et_pb_row][\/et_pb_section]<\/p>\n","protected":false},"excerpt":{"rendered":"<p>&#8211; Rock&amp;Pop 7\/2017 \u010dl\u00e1nek ZDE (\u010dl\u00e1nek se otev\u0159e v nov\u00e9m okn\u011b) \u00a0. &#8211; Novinky.cz 4\/2017 \u010dl\u00e1nek\u00a0ZDE\u00a0(\u010dl\u00e1nek se otev\u0159e v nov\u00e9m okn\u011b) \u00a0. &#8211; \u00dasteck\u00fd den\u00edk 8. 6. 2016 \u010dl\u00e1nek\u00a0ZDE\u00a0(\u010dl\u00e1nek se otev\u0159e v nov\u00e9m okn\u011b) .<\/p>\n","protected":false},"author":1,"featured_media":0,"parent":0,"menu_order":0,"comment_status":"closed","ping_status":"closed","template":"","meta":{"_et_pb_use_builder":"on","_et_pb_old_content":"","_et_gb_content_width":""},"_links":{"self":[{"href":"https:\/\/babylonband.cz\/domains\/babylonband.cz\/wp-json\/wp\/v2\/pages\/51"}],"collection":[{"href":"https:\/\/babylonband.cz\/domains\/babylonband.cz\/wp-json\/wp\/v2\/pages"}],"about":[{"href":"https:\/\/babylonband.cz\/domains\/babylonband.cz\/wp-json\/wp\/v2\/types\/page"}],"author":[{"embeddable":true,"href":"https:\/\/babylonband.cz\/domains\/babylonband.cz\/wp-json\/wp\/v2\/users\/1"}],"replies":[{"embeddable":true,"href":"https:\/\/babylonband.cz\/domains\/babylonband.cz\/wp-json\/wp\/v2\/comments?post=51"}],"version-history":[{"count":21,"href":"https:\/\/babylonband.cz\/domains\/babylonband.cz\/wp-json\/wp\/v2\/pages\/51\/revisions"}],"predecessor-version":[{"id":459,"href":"https:\/\/babylonband.cz\/domains\/babylonband.cz\/wp-json\/wp\/v2\/pages\/51\/revisions\/459"}],"wp:attachment":[{"href":"https:\/\/babylonband.cz\/domains\/babylonband.cz\/wp-json\/wp\/v2\/media?parent=51"}],"curies":[{"name":"wp","href":"https:\/\/api.w.org\/{rel}","templated":true}]}}