{"id":37,"date":"2016-11-22T11:18:50","date_gmt":"2016-11-22T10:18:50","guid":{"rendered":"http:\/\/babylonband.cz\/domains\/babylonband.cz\/?page_id=37"},"modified":"2017-06-02T09:50:20","modified_gmt":"2017-06-02T08:50:20","slug":"babylon-hp","status":"publish","type":"page","link":"https:\/\/babylonband.cz\/domains\/babylonband.cz\/","title":{"rendered":"Babylon HP"},"content":{"rendered":"<p>[et_pb_section admin_label=&#8220;section&#8220; transparent_background=&#8220;off&#8220; background_color=&#8220;rgba(166,215,252,0.66)&#8220; allow_player_pause=&#8220;off&#8220; inner_shadow=&#8220;off&#8220; parallax=&#8220;off&#8220; parallax_method=&#8220;on&#8220; custom_padding=&#8220;0px|0px|0px|0px&#8220; padding_mobile=&#8220;off&#8220; make_fullwidth=&#8220;off&#8220; use_custom_width=&#8220;off&#8220; width_unit=&#8220;off&#8220; custom_width_px=&#8220;1080px&#8220; custom_width_percent=&#8220;80%&#8220; make_equal=&#8220;off&#8220; use_custom_gutter=&#8220;off&#8220; fullwidth=&#8220;off&#8220; specialty=&#8220;off&#8220; disabled=&#8220;off&#8220;][et_pb_row admin_label=&#8220;row&#8220; make_fullwidth=&#8220;off&#8220; use_custom_width=&#8220;off&#8220; width_unit=&#8220;off&#8220; custom_width_px=&#8220;1080px&#8220; custom_width_percent=&#8220;80%&#8220; use_custom_gutter=&#8220;off&#8220; gutter_width=&#8220;3&#8243; custom_padding=&#8220;0px|0px|0px|0px&#8220; padding_mobile=&#8220;off&#8220; allow_player_pause=&#8220;off&#8220; parallax=&#8220;off&#8220; parallax_method=&#8220;on&#8220; make_equal=&#8220;off&#8220; column_padding_mobile=&#8220;on&#8220; parallax_1=&#8220;off&#8220; parallax_method_1=&#8220;on&#8220; parallax_2=&#8220;off&#8220; parallax_method_2=&#8220;on&#8220; parallax_3=&#8220;off&#8220; parallax_method_3=&#8220;on&#8220; parallax_4=&#8220;off&#8220; parallax_method_4=&#8220;on&#8220; disabled=&#8220;off&#8220;][et_pb_column type=&#8220;4_4&#8243;][et_pb_slider admin_label=&#8220;Slider&#8220; show_arrows=&#8220;off&#8220; show_pagination=&#8220;off&#8220; auto=&#8220;on&#8220; auto_speed=&#8220;5000&#8243; auto_ignore_hover=&#8220;on&#8220; parallax=&#8220;off&#8220; parallax_method=&#8220;off&#8220; remove_inner_shadow=&#8220;on&#8220; background_position=&#8220;default&#8220; background_size=&#8220;default&#8220; hide_content_on_mobile=&#8220;off&#8220; hide_cta_on_mobile=&#8220;off&#8220; show_image_video_mobile=&#8220;off&#8220; disabled_on=&#8220;on||&#8220; header_letter_spacing=&#8220;55px&#8220; header_line_height=&#8220;2.1em&#8220; custom_button=&#8220;off&#8220; button_text_size=&#8220;20&#8243; button_letter_spacing=&#8220;0&#8243; button_use_icon=&#8220;default&#8220; button_icon_placement=&#8220;right&#8220; button_on_hover=&#8220;on&#8220; button_letter_spacing_hover=&#8220;0&#8243; disabled=&#8220;off&#8220;] [et_pb_slide heading=&#8220;.&#8220; button_link=&#8220;#&#8220; background_image=&#8220;http:\/\/babylonband.cz\/domains\/babylonband.cz\/wp-content\/uploads\/2016\/11\/52_c.jpg&#8220; background_position=&#8220;default&#8220; background_size=&#8220;default&#8220; background_color=&#8220;#ffffff&#8220; use_bg_overlay=&#8220;off&#8220; use_text_overlay=&#8220;off&#8220; alignment=&#8220;center&#8220; background_layout=&#8220;dark&#8220; allow_player_pause=&#8220;off&#8220; text_border_radius=&#8220;3&#8243; header_font=&#8220;||||&#8220; header_text_color=&#8220;#000000&#8243; body_font=&#8220;||||&#8220; custom_button=&#8220;off&#8220; button_font=&#8220;||||&#8220; button_use_icon=&#8220;default&#8220; button_icon_placement=&#8220;right&#8220; button_on_hover=&#8220;on&#8220; disabled=&#8220;off&#8220;] [\/et_pb_slide][et_pb_slide heading=&#8220;.&#8220; button_link=&#8220;#&#8220; background_image=&#8220;http:\/\/babylonband.cz\/domains\/babylonband.cz\/wp-content\/uploads\/2016\/11\/55_c.jpg&#8220; background_position=&#8220;default&#8220; background_size=&#8220;default&#8220; background_color=&#8220;#ffffff&#8220; use_bg_overlay=&#8220;off&#8220; use_text_overlay=&#8220;off&#8220; alignment=&#8220;center&#8220; background_layout=&#8220;dark&#8220; allow_player_pause=&#8220;off&#8220; text_border_radius=&#8220;3&#8243; header_font=&#8220;||||&#8220; header_text_color=&#8220;#000000&#8243; body_font=&#8220;||||&#8220; custom_button=&#8220;off&#8220; button_font=&#8220;||||&#8220; button_use_icon=&#8220;default&#8220; button_icon_placement=&#8220;right&#8220; button_on_hover=&#8220;on&#8220; disabled=&#8220;off&#8220;] [\/et_pb_slide][et_pb_slide heading=&#8220;.&#8220; button_link=&#8220;#&#8220; background_image=&#8220;http:\/\/babylonband.cz\/domains\/babylonband.cz\/wp-content\/uploads\/2016\/11\/54_c.jpg&#8220; background_position=&#8220;default&#8220; background_size=&#8220;default&#8220; background_color=&#8220;#ffffff&#8220; use_bg_overlay=&#8220;off&#8220; use_text_overlay=&#8220;off&#8220; alignment=&#8220;center&#8220; background_layout=&#8220;dark&#8220; allow_player_pause=&#8220;off&#8220; text_border_radius=&#8220;3&#8243; header_font=&#8220;||||&#8220; header_text_color=&#8220;#000000&#8243; body_font=&#8220;||||&#8220; custom_button=&#8220;off&#8220; button_font=&#8220;||||&#8220; button_use_icon=&#8220;default&#8220; button_icon_placement=&#8220;right&#8220; button_on_hover=&#8220;on&#8220; disabled=&#8220;off&#8220;] [\/et_pb_slide][et_pb_slide heading=&#8220;.&#8220; button_link=&#8220;#&#8220; background_image=&#8220;http:\/\/babylonband.cz\/domains\/babylonband.cz\/wp-content\/uploads\/2016\/11\/57_c.jpg&#8220; background_position=&#8220;default&#8220; background_size=&#8220;default&#8220; background_color=&#8220;#ffffff&#8220; use_bg_overlay=&#8220;off&#8220; use_text_overlay=&#8220;off&#8220; alignment=&#8220;center&#8220; background_layout=&#8220;dark&#8220; allow_player_pause=&#8220;off&#8220; text_border_radius=&#8220;3&#8243; header_font=&#8220;||||&#8220; header_text_color=&#8220;#000000&#8243; body_font=&#8220;||||&#8220; custom_button=&#8220;off&#8220; button_font=&#8220;||||&#8220; button_use_icon=&#8220;default&#8220; button_icon_placement=&#8220;right&#8220; button_on_hover=&#8220;on&#8220; disabled=&#8220;off&#8220;] [\/et_pb_slide] [\/et_pb_slider][\/et_pb_column][\/et_pb_row][\/et_pb_section][et_pb_section admin_label=&#8220;section&#8220; transparent_background=&#8220;off&#8220; allow_player_pause=&#8220;off&#8220; inner_shadow=&#8220;off&#8220; parallax=&#8220;off&#8220; parallax_method=&#8220;on&#8220; custom_padding=&#8220;44px|0px|0px|0px&#8220; padding_mobile=&#8220;off&#8220; make_fullwidth=&#8220;off&#8220; use_custom_width=&#8220;off&#8220; width_unit=&#8220;off&#8220; custom_width_px=&#8220;1080px&#8220; custom_width_percent=&#8220;80%&#8220; make_equal=&#8220;off&#8220; use_custom_gutter=&#8220;off&#8220; fullwidth=&#8220;off&#8220; specialty=&#8220;off&#8220; disabled=&#8220;off&#8220;][et_pb_row admin_label=&#8220;row&#8220; make_fullwidth=&#8220;off&#8220; use_custom_width=&#8220;off&#8220; width_unit=&#8220;off&#8220; custom_width_px=&#8220;1080px&#8220; custom_width_percent=&#8220;80%&#8220; use_custom_gutter=&#8220;off&#8220; gutter_width=&#8220;3&#8243; custom_padding=&#8220;0px|0px|0px|0px&#8220; padding_mobile=&#8220;off&#8220; allow_player_pause=&#8220;off&#8220; parallax=&#8220;off&#8220; parallax_method=&#8220;on&#8220; make_equal=&#8220;off&#8220; column_padding_mobile=&#8220;on&#8220; parallax_1=&#8220;off&#8220; parallax_method_1=&#8220;on&#8220; parallax_2=&#8220;off&#8220; parallax_method_2=&#8220;on&#8220; parallax_3=&#8220;off&#8220; parallax_method_3=&#8220;on&#8220; parallax_4=&#8220;off&#8220; parallax_method_4=&#8220;on&#8220; disabled=&#8220;off&#8220;][et_pb_column type=&#8220;4_4&#8243;][et_pb_text admin_label=&#8220;Text&#8220; background_layout=&#8220;light&#8220; text_orientation=&#8220;left&#8220; text_font=&#8220;Leckerli One||||&#8220; text_font_size=&#8220;30px&#8220; text_text_color=&#8220;#bc1a1a&#8220; use_border_color=&#8220;off&#8220; border_style=&#8220;solid&#8220; disabled=&#8220;off&#8220;]<\/p>\n<p style=\"text-align: center;\"><b>P\u00edsni\u010dky pro d\u011bti a jejich \u2026 \u00a0d\u011bti \u2026<\/b><\/p>\n<p>[\/et_pb_text][et_pb_text admin_label=&#8220;Text&#8220; background_layout=&#8220;light&#8220; text_orientation=&#8220;center&#8220; use_border_color=&#8220;off&#8220; border_style=&#8220;solid&#8220; disabled=&#8220;off&#8220; border_color=&#8220;#ffffff&#8220;]<\/p>\n<p>Jsme <strong>deseti\u010dlenn\u00e1 skupina BABYlon Band hraj\u00edc\u00ed autorsk\u00e9 p\u00edsni\u010dky pro d\u011bti<\/strong>, jejich\u017e dv\u011bma z\u00e1kladn\u00edmi charakteristikami jsou <strong>pou\u010den\u00ed a humor<\/strong>. Inspirovali jsme se u v\u00fdrobc\u016f rostouc\u00edch \u017eidl\u00ed a vytvo\u0159ili jsme koncept <strong>tzv. rostouc\u00edch p\u00edsn\u00ed<\/strong> \u2013 s\u00a0p\u0159ib\u00fdvaj\u00edc\u00edm v\u011bkem se poslucha\u010d\u016fm v\u00a0na\u0161ich textech odkr\u00fdvaj\u00ed nov\u00e9 a nov\u00e9 v\u00fdznamy. Na sv\u00e9 si tak p\u0159ijdou jak d\u011bti mal\u00e9, tak ty, kter\u00e9 se ji\u017e nach\u00e1z\u00ed v\u00a0pokro\u010dilej\u0161\u00edm stadiu d\u011btstv\u00ed a v\u00a0neposledn\u00ed \u0159ad\u011b i jejich dosp\u011bl\u00e9 verze.<\/p>\n<p>[\/et_pb_text][\/et_pb_column][\/et_pb_row][\/et_pb_section][et_pb_section admin_label=&#8220;section&#8220; transparent_background=&#8220;off&#8220; allow_player_pause=&#8220;off&#8220; inner_shadow=&#8220;off&#8220; parallax=&#8220;off&#8220; parallax_method=&#8220;on&#8220; custom_padding=&#8220;0px|0px|40px|0px&#8220; padding_mobile=&#8220;off&#8220; make_fullwidth=&#8220;off&#8220; use_custom_width=&#8220;off&#8220; width_unit=&#8220;off&#8220; custom_width_px=&#8220;1080px&#8220; custom_width_percent=&#8220;80%&#8220; make_equal=&#8220;off&#8220; use_custom_gutter=&#8220;off&#8220; fullwidth=&#8220;off&#8220; specialty=&#8220;off&#8220; disabled=&#8220;off&#8220;][et_pb_row admin_label=&#8220;row&#8220; make_fullwidth=&#8220;off&#8220; use_custom_width=&#8220;off&#8220; width_unit=&#8220;off&#8220; custom_width_px=&#8220;1080px&#8220; custom_width_percent=&#8220;80%&#8220; use_custom_gutter=&#8220;off&#8220; gutter_width=&#8220;3&#8243; custom_padding=&#8220;27px|0px|25.25px|0px&#8220; padding_mobile=&#8220;off&#8220; allow_player_pause=&#8220;off&#8220; parallax=&#8220;off&#8220; parallax_method=&#8220;on&#8220; make_equal=&#8220;off&#8220; column_padding_mobile=&#8220;on&#8220; parallax_1=&#8220;off&#8220; parallax_method_1=&#8220;on&#8220; parallax_2=&#8220;off&#8220; parallax_method_2=&#8220;on&#8220; parallax_3=&#8220;off&#8220; parallax_method_3=&#8220;on&#8220; parallax_4=&#8220;off&#8220; parallax_method_4=&#8220;on&#8220; disabled=&#8220;off&#8220;][et_pb_column type=&#8220;1_3&#8243;][et_pb_blurb admin_label=&#8220;Blurb&#8220; url_new_window=&#8220;off&#8220; use_icon=&#8220;off&#8220; icon_color=&#8220;#7EBEC5&#8243; use_circle=&#8220;off&#8220; circle_color=&#8220;#7EBEC5&#8243; use_circle_border=&#8220;off&#8220; circle_border_color=&#8220;#7EBEC5&#8243; image=&#8220;http:\/\/babylonband.cz\/domains\/babylonband.cz\/wp-content\/uploads\/2016\/11\/picto_HP_2.jpg&#8220; icon_placement=&#8220;top&#8220; animation=&#8220;off&#8220; background_layout=&#8220;light&#8220; text_orientation=&#8220;center&#8220; use_icon_font_size=&#8220;off&#8220; icon_font_size=&#8220;96px&#8220; use_border_color=&#8220;off&#8220; border_color=&#8220;#ffffff&#8220; border_width=&#8220;1px&#8220; border_style=&#8220;solid&#8220; disabled=&#8220;off&#8220;]<\/p>\n<p>Hudebn\u011b se pohybujeme na pomez\u00ed multi\u017e\u00e1nrov\u00e9 schizofrenie, nej\u010dast\u011bji lze v\u00a0na\u0161\u00ed tvorb\u011b zaznamenat stopy swingu, blues \u010di folku. Hrajeme v\u00a0obsazen\u00ed bic\u00ed, basa, kytary, trubka, fl\u00e9tna, housle, fouka\u010dka, zp\u011bvy.<\/p>\n<p>[\/et_pb_blurb][\/et_pb_column][et_pb_column type=&#8220;1_3&#8243;][et_pb_blurb admin_label=&#8220;Blurb&#8220; url_new_window=&#8220;off&#8220; use_icon=&#8220;off&#8220; icon_color=&#8220;#7EBEC5&#8243; use_circle=&#8220;off&#8220; circle_color=&#8220;#7EBEC5&#8243; use_circle_border=&#8220;off&#8220; circle_border_color=&#8220;#7EBEC5&#8243; image=&#8220;http:\/\/babylonband.cz\/domains\/babylonband.cz\/wp-content\/uploads\/2016\/11\/picto_HP_1.jpg&#8220; icon_placement=&#8220;top&#8220; animation=&#8220;off&#8220; background_layout=&#8220;light&#8220; text_orientation=&#8220;center&#8220; use_icon_font_size=&#8220;off&#8220; icon_font_size=&#8220;96px&#8220; use_border_color=&#8220;off&#8220; border_color=&#8220;#ffffff&#8220; border_width=&#8220;1px&#8220; border_style=&#8220;solid&#8220; disabled=&#8220;off&#8220;]<\/p>\n<p>Na\u0161e vystoupen\u00ed se vyzna\u010duj\u00ed t\u00e9\u017e pestrou a propracovanou choreografi\u00ed, kter\u00e1 vizu\u00e1ln\u011b podporuje texty na\u0161ich p\u00edsn\u00ed a \u010dinnost na\u0161\u00ed ob\u011bhov\u00e9 soustavy.<\/p>\n<p>[\/et_pb_blurb][\/et_pb_column][et_pb_column type=&#8220;1_3&#8243;][et_pb_blurb admin_label=&#8220;Blurb&#8220; url_new_window=&#8220;off&#8220; use_icon=&#8220;off&#8220; icon_color=&#8220;#7EBEC5&#8243; use_circle=&#8220;off&#8220; circle_color=&#8220;#7EBEC5&#8243; use_circle_border=&#8220;off&#8220; circle_border_color=&#8220;#7EBEC5&#8243; image=&#8220;http:\/\/babylonband.cz\/domains\/babylonband.cz\/wp-content\/uploads\/2016\/11\/picto_HP_3.jpg&#8220; icon_placement=&#8220;top&#8220; animation=&#8220;off&#8220; background_layout=&#8220;light&#8220; text_orientation=&#8220;center&#8220; use_icon_font_size=&#8220;off&#8220; use_border_color=&#8220;off&#8220; border_color=&#8220;#ffffff&#8220; border_style=&#8220;solid&#8220; disabled=&#8220;off&#8220;]<\/p>\n<p>Na ja\u0159e 2017 v nakladatelstv\u00ed Albatros vy\u0161lo na\u0161e prvn\u00ed CD spolu s kreslen\u00fdm zp\u011bvn\u00edkem a \u00fakoln\u00edkem pln\u00fdm p\u016fvabn\u00fdch ilustrac\u00ed z d\u00edlny v\u00fdtvarn\u00edka<a href=\"http:\/\/www.lastovicka.com\/\"> Jana La\u0161tovi\u010dky<\/a>.<\/p>\n<p>[\/et_pb_blurb][\/et_pb_column][\/et_pb_row][et_pb_row admin_label=&#8220;row&#8220; make_fullwidth=&#8220;off&#8220; use_custom_width=&#8220;off&#8220; width_unit=&#8220;off&#8220; custom_width_px=&#8220;1080px&#8220; custom_width_percent=&#8220;80%&#8220; use_custom_gutter=&#8220;off&#8220; gutter_width=&#8220;3&#8243; padding_mobile=&#8220;off&#8220; allow_player_pause=&#8220;off&#8220; parallax=&#8220;off&#8220; parallax_method=&#8220;on&#8220; make_equal=&#8220;off&#8220; column_padding_mobile=&#8220;on&#8220; parallax_1=&#8220;off&#8220; parallax_method_1=&#8220;on&#8220; parallax_2=&#8220;off&#8220; parallax_method_2=&#8220;on&#8220; parallax_3=&#8220;off&#8220; parallax_method_3=&#8220;on&#8220; parallax_4=&#8220;off&#8220; parallax_method_4=&#8220;on&#8220;][et_pb_column type=&#8220;1_3&#8243;][et_pb_button admin_label=&#8220;Button&#8220; button_url=&#8220;http:\/\/babylonband.cz\/domains\/babylonband.cz\/nas-je-slyset\/&#8220; url_new_window=&#8220;off&#8220; button_text=&#8220;UK\u00c1ZKA NA\u0160ICH P\u00cdSNI\u010cEK&#8220; button_alignment=&#8220;center&#8220; background_layout=&#8220;light&#8220; custom_button=&#8220;on&#8220; button_border_width=&#8220;2px&#8220; button_border_radius=&#8220;8px&#8220; button_font=&#8220;||||&#8220; button_icon=&#8220;\ue08e&#8220; button_use_icon=&#8220;on&#8220; button_text_size=&#8220;16px&#8220;] [\/et_pb_button][\/et_pb_column][et_pb_column type=&#8220;1_3&#8243;][et_pb_button admin_label=&#8220;Button&#8220; button_url=&#8220;http:\/\/babylonband.cz\/domains\/babylonband.cz\/koncertujeme\/&#8220; url_new_window=&#8220;off&#8220; button_text=&#8220;SEZNAM KONCERT\u016e&#8220; button_alignment=&#8220;center&#8220; background_layout=&#8220;light&#8220; custom_button=&#8220;on&#8220; button_border_width=&#8220;2px&#8220; button_border_radius=&#8220;8px&#8220; button_font=&#8220;||||&#8220; button_icon=&#8220;\ue08e&#8220; button_use_icon=&#8220;on&#8220; button_text_size=&#8220;16px&#8220;] [\/et_pb_button][\/et_pb_column][et_pb_column type=&#8220;1_3&#8243;][et_pb_button admin_label=&#8220;Button&#8220; button_url=&#8220;http:\/\/babylonband.cz\/domains\/babylonband.cz\/vydame-cd-a-zpevnik\/&#8220; url_new_window=&#8220;off&#8220; button_text=&#8220;V\u00cdCE O C\u00c9D\u00c9\u010cKU&#8220; button_alignment=&#8220;center&#8220; background_layout=&#8220;light&#8220; custom_button=&#8220;on&#8220; button_border_width=&#8220;2px&#8220; button_border_radius=&#8220;8px&#8220; button_font=&#8220;||||&#8220; button_icon=&#8220;\ue08e&#8220; button_use_icon=&#8220;on&#8220; button_text_size=&#8220;16px&#8220;] [\/et_pb_button][\/et_pb_column][\/et_pb_row][\/et_pb_section]<\/p>\n","protected":false},"excerpt":{"rendered":"<p>P\u00edsni\u010dky pro d\u011bti a jejich \u2026 \u00a0d\u011bti \u2026 Jsme deseti\u010dlenn\u00e1 skupina BABYlon Band hraj\u00edc\u00ed autorsk\u00e9 p\u00edsni\u010dky pro d\u011bti, jejich\u017e dv\u011bma z\u00e1kladn\u00edmi charakteristikami jsou pou\u010den\u00ed a humor. Inspirovali jsme se u v\u00fdrobc\u016f rostouc\u00edch \u017eidl\u00ed a vytvo\u0159ili jsme koncept tzv. rostouc\u00edch p\u00edsn\u00ed \u2013 s\u00a0p\u0159ib\u00fdvaj\u00edc\u00edm v\u011bkem se poslucha\u010d\u016fm v\u00a0na\u0161ich textech odkr\u00fdvaj\u00ed nov\u00e9 a nov\u00e9 v\u00fdznamy. Na sv\u00e9 si [&hellip;]<\/p>\n","protected":false},"author":1,"featured_media":0,"parent":0,"menu_order":0,"comment_status":"closed","ping_status":"closed","template":"","meta":{"_et_pb_use_builder":"on","_et_pb_old_content":"","_et_gb_content_width":""},"_links":{"self":[{"href":"https:\/\/babylonband.cz\/domains\/babylonband.cz\/wp-json\/wp\/v2\/pages\/37"}],"collection":[{"href":"https:\/\/babylonband.cz\/domains\/babylonband.cz\/wp-json\/wp\/v2\/pages"}],"about":[{"href":"https:\/\/babylonband.cz\/domains\/babylonband.cz\/wp-json\/wp\/v2\/types\/page"}],"author":[{"embeddable":true,"href":"https:\/\/babylonband.cz\/domains\/babylonband.cz\/wp-json\/wp\/v2\/users\/1"}],"replies":[{"embeddable":true,"href":"https:\/\/babylonband.cz\/domains\/babylonband.cz\/wp-json\/wp\/v2\/comments?post=37"}],"version-history":[{"count":33,"href":"https:\/\/babylonband.cz\/domains\/babylonband.cz\/wp-json\/wp\/v2\/pages\/37\/revisions"}],"predecessor-version":[{"id":414,"href":"https:\/\/babylonband.cz\/domains\/babylonband.cz\/wp-json\/wp\/v2\/pages\/37\/revisions\/414"}],"wp:attachment":[{"href":"https:\/\/babylonband.cz\/domains\/babylonband.cz\/wp-json\/wp\/v2\/media?parent=37"}],"curies":[{"name":"wp","href":"https:\/\/api.w.org\/{rel}","templated":true}]}}