{"id":45,"date":"2016-11-22T11:21:07","date_gmt":"2016-11-22T10:21:07","guid":{"rendered":"http:\/\/babylonband.cz\/domains\/babylonband.cz\/?page_id=45"},"modified":"2019-01-21T21:51:30","modified_gmt":"2019-01-21T20:51:30","slug":"vydame-cd-a-zpevnik","status":"publish","type":"page","link":"http:\/\/babylonband.cz\/domains\/babylonband.cz\/vydame-cd-a-zpevnik\/","title":{"rendered":"VY\u0160LO CD A ZP\u011aVN\u00cdK"},"content":{"rendered":"<p>[et_pb_section bb_built=&#8220;1&#8243; admin_label=&#8220;section&#8220; transparent_background=&#8220;off&#8220; allow_player_pause=&#8220;off&#8220; inner_shadow=&#8220;off&#8220; parallax=&#8220;off&#8220; parallax_method=&#8220;on&#8220; padding_mobile=&#8220;off&#8220; make_fullwidth=&#8220;off&#8220; use_custom_width=&#8220;off&#8220; width_unit=&#8220;off&#8220; custom_width_px=&#8220;1080px&#8220; custom_width_percent=&#8220;80%&#8220; make_equal=&#8220;off&#8220; use_custom_gutter=&#8220;off&#8220; fullwidth=&#8220;off&#8220; specialty=&#8220;off&#8220; disabled=&#8220;off&#8220; custom_padding_tablet=&#8220;50px|0|50px|0&#8243; custom_padding_last_edited=&#8220;on|desktop&#8220; prev_background_color=&#8220;#000000&#8243; next_background_color=&#8220;#000000&#8243;][et_pb_row make_fullwidth=&#8220;off&#8220; use_custom_width=&#8220;off&#8220; width_unit=&#8220;on&#8220; custom_width_px=&#8220;1080px&#8220; custom_width_percent=&#8220;80%&#8220; use_custom_gutter=&#8220;off&#8220; gutter_width=&#8220;3&#8243; custom_padding=&#8220;1px|0px|25.25px|0px&#8220; padding_mobile=&#8220;off&#8220; background_color=&#8220;#ffffff&#8220; allow_player_pause=&#8220;off&#8220; parallax=&#8220;off&#8220; parallax_method=&#8220;off&#8220; make_equal=&#8220;off&#8220; column_padding_mobile=&#8220;on&#8220; parallax_1=&#8220;off&#8220; parallax_method_1=&#8220;off&#8220; parallax_2=&#8220;off&#8220; parallax_method_2=&#8220;off&#8220; parallax_3=&#8220;off&#8220; parallax_method_3=&#8220;on&#8220; parallax_4=&#8220;off&#8220; parallax_method_4=&#8220;on&#8220; disabled=&#8220;off&#8220; background_position=&#8220;top_left&#8220; background_repeat=&#8220;repeat&#8220; background_size=&#8220;initial&#8220;][et_pb_column type=&#8220;1_4&#8243;][et_pb_image src=&#8220;http:\/\/babylonband.cz\/domains\/babylonband.cz\/wp-content\/uploads\/2017\/05\/Babylon_obalka_FINAL_frontdesk.jpg&#8220; show_in_lightbox=&#8220;off&#8220; url_new_window=&#8220;off&#8220; use_overlay=&#8220;off&#8220; sticky=&#8220;off&#8220; align=&#8220;left&#8220; force_fullwidth=&#8220;off&#8220; always_center_on_mobile=&#8220;on&#8220; use_border_color=&#8220;off&#8220; border_color=&#8220;#ffffff&#8220; border_style=&#8220;solid&#8220; disabled=&#8220;off&#8220; animation=&#8220;left&#8220; animation_style=&#8220;slide&#8220; animation_duration=&#8220;500ms&#8220; animation_intensity_slide=&#8220;10%&#8220; animation_direction=&#8220;left&#8220; show_bottom_space=&#8220;on&#8220;]<\/p>\n<p><\/p>\n<p>[\/et_pb_image][\/et_pb_column][et_pb_column type=&#8220;3_4&#8243;][et_pb_divider color=&#8220;#ffffff&#8220; height=&#8220;15&#8243; divider_style=&#8220;solid&#8220; divider_position=&#8220;top&#8220; divider_weight=&#8220;1px&#8220; hide_on_mobile=&#8220;on&#8220; disabled=&#8220;off&#8220; disabled_on=&#8220;on|on|off&#8220; show_divider=&#8220;off&#8220;]<\/p>\n<p><\/p>\n<p>[\/et_pb_divider][et_pb_text background_layout=&#8220;light&#8220; text_orientation=&#8220;left&#8220; text_font=&#8220;Leckerli One||||&#8220; text_font_size=&#8220;33px&#8220; text_text_color=&#8220;#001da0&#8243; use_border_color=&#8220;off&#8220; border_color=&#8220;#ffffff&#8220; border_style=&#8220;solid&#8220; background_position=&#8220;top_left&#8220; background_repeat=&#8220;repeat&#8220; background_size=&#8220;initial&#8220;]<\/p>\n<p>\nCD a zp\u011bvn\u00edk<\/p>\n<p>[\/et_pb_text][et_pb_text use_border_color=&#8220;off&#8220; disabled=&#8220;off&#8220; background_position=&#8220;top_left&#8220; background_repeat=&#8220;repeat&#8220; background_size=&#8220;initial&#8220; _builder_version=&#8220;3.17.6&#8243;]<\/p>\n<p><span style=\"font-size: medium;\">V nakladatelstv\u00ed Albatros vy\u0161lo na\u0161e <strong>CD v\u00a0kompletu spolu s\u00a0kreslen\u00fdm zp\u011bvn\u00edkem a \u00fakoln\u00edkem<\/strong> s p\u016fvabn\u00fdmi\u00a0ilustracemi v\u00fdtvarn\u00edka Jana La\u0161tovi\u010dky. K dost\u00e1n\u00ed je bu\u010f v kamenn\u00fdch knihkupectv\u00edch, nebo na internetu, nap\u0159\u00edklad v e-shopu Albatrosu:<br \/><\/span><\/p>\n<p><a href=\"https:\/\/www.albatros.cz\/tituly\/36049172\/babylon\/\">https:\/\/www.albatros.cz\/tituly\/36049172\/babylon\/<\/a><\/p>\n<p><span style=\"font-size: medium;\">Hlavn\u00ed my\u0161lenkou 14 p\u00edsn\u00ed na CD je hravou formou obezn\u00e1mit d\u011bti s\u00a0n\u011bkter\u00fdmi ze z\u00e1kladn\u00edch t\u00e9mat obklopuj\u00edc\u00edch jejich \u017eivoty a pomoc\u00ed funk\u010dn\u00ed a vd\u011b\u010dn\u00e9 metody zvuk-obraz roz\u0161\u00ed\u0159it v\u00a0dan\u00e9 oblasti jejich slovn\u00ed z\u00e1sobu, p\u0159i\u010dem\u017e ka\u017ed\u00e9 z\u00a0t\u00e9mat je d\u00e1le rozpracov\u00e1no a rozv\u00edjeno v \u00fakoln\u00edku v\u00a0podob\u011b her, h\u00e1danek a dopl\u0148ova\u010dek. <\/span><\/p>\n<p>[\/et_pb_text][\/et_pb_column][\/et_pb_row][et_pb_row make_fullwidth=&#8220;off&#8220; use_custom_width=&#8220;off&#8220; width_unit=&#8220;off&#8220; custom_width_px=&#8220;1080px&#8220; custom_width_percent=&#8220;80%&#8220; use_custom_gutter=&#8220;off&#8220; gutter_width=&#8220;3&#8243; padding_mobile=&#8220;off&#8220; allow_player_pause=&#8220;off&#8220; parallax=&#8220;off&#8220; parallax_method=&#8220;on&#8220; make_equal=&#8220;off&#8220; column_padding_mobile=&#8220;on&#8220; parallax_1=&#8220;off&#8220; parallax_method_1=&#8220;on&#8220; parallax_2=&#8220;off&#8220; parallax_method_2=&#8220;on&#8220; parallax_3=&#8220;off&#8220; parallax_method_3=&#8220;on&#8220; parallax_4=&#8220;off&#8220; parallax_method_4=&#8220;on&#8220; disabled=&#8220;off&#8220; background_position=&#8220;top_left&#8220; background_repeat=&#8220;repeat&#8220; background_size=&#8220;initial&#8220;][et_pb_column type=&#8220;1_2&#8243;][et_pb_image src=&#8220;http:\/\/babylonband.cz\/domains\/babylonband.cz\/wp-content\/uploads\/2016\/11\/cisla.jpg&#8220; show_in_lightbox=&#8220;off&#8220; url_new_window=&#8220;off&#8220; use_overlay=&#8220;off&#8220; sticky=&#8220;off&#8220; align=&#8220;left&#8220; force_fullwidth=&#8220;off&#8220; always_center_on_mobile=&#8220;on&#8220; use_border_color=&#8220;off&#8220; border_color=&#8220;#ffffff&#8220; border_width=&#8220;1px&#8220; border_style=&#8220;solid&#8220; disabled=&#8220;off&#8220; animation_style=&#8220;slide&#8220; animation_duration=&#8220;500ms&#8220; animation_intensity_slide=&#8220;10%&#8220; animation_direction=&#8220;left&#8220; show_bottom_space=&#8220;on&#8220;]<\/p>\n<p><\/p>\n<p>[\/et_pb_image][\/et_pb_column][et_pb_column type=&#8220;1_2&#8243;][et_pb_image src=&#8220;http:\/\/babylonband.cz\/domains\/babylonband.cz\/wp-content\/uploads\/2016\/11\/pocasi.jpg&#8220; show_in_lightbox=&#8220;off&#8220; url_new_window=&#8220;off&#8220; use_overlay=&#8220;off&#8220; sticky=&#8220;off&#8220; align=&#8220;left&#8220; force_fullwidth=&#8220;off&#8220; always_center_on_mobile=&#8220;on&#8220; use_border_color=&#8220;off&#8220; border_color=&#8220;#ffffff&#8220; border_width=&#8220;1px&#8220; border_style=&#8220;solid&#8220; disabled=&#8220;off&#8220; animation_style=&#8220;slide&#8220; animation_duration=&#8220;500ms&#8220; animation_intensity_slide=&#8220;10%&#8220; animation_direction=&#8220;left&#8220; show_bottom_space=&#8220;on&#8220;]<\/p>\n<p><\/p>\n<p>[\/et_pb_image][\/et_pb_column][\/et_pb_row][\/et_pb_section]<\/p>\n","protected":false},"excerpt":{"rendered":"<p>CD a zp\u011bvn\u00edk V nakladatelstv\u00ed Albatros vy\u0161lo na\u0161e CD v\u00a0kompletu spolu s\u00a0kreslen\u00fdm zp\u011bvn\u00edkem a \u00fakoln\u00edkem s p\u016fvabn\u00fdmi\u00a0ilustracemi v\u00fdtvarn\u00edka Jana La\u0161tovi\u010dky. K dost\u00e1n\u00ed je bu\u010f v kamenn\u00fdch knihkupectv\u00edch, nebo na internetu, nap\u0159\u00edklad v e-shopu Albatrosu:https:\/\/www.albatros.cz\/tituly\/36049172\/babylon\/Hlavn\u00ed my\u0161lenkou 14 p\u00edsn\u00ed na CD je hravou formou obezn\u00e1mit d\u011bti s\u00a0n\u011bkter\u00fdmi ze z\u00e1kladn\u00edch t\u00e9mat obklopuj\u00edc\u00edch jejich \u017eivoty a pomoc\u00ed funk\u010dn\u00ed a [&hellip;]<\/p>\n","protected":false},"author":1,"featured_media":0,"parent":0,"menu_order":0,"comment_status":"closed","ping_status":"closed","template":"","meta":{"_et_pb_use_builder":"on","_et_pb_old_content":"","_et_gb_content_width":""},"_links":{"self":[{"href":"http:\/\/babylonband.cz\/domains\/babylonband.cz\/wp-json\/wp\/v2\/pages\/45"}],"collection":[{"href":"http:\/\/babylonband.cz\/domains\/babylonband.cz\/wp-json\/wp\/v2\/pages"}],"about":[{"href":"http:\/\/babylonband.cz\/domains\/babylonband.cz\/wp-json\/wp\/v2\/types\/page"}],"author":[{"embeddable":true,"href":"http:\/\/babylonband.cz\/domains\/babylonband.cz\/wp-json\/wp\/v2\/users\/1"}],"replies":[{"embeddable":true,"href":"http:\/\/babylonband.cz\/domains\/babylonband.cz\/wp-json\/wp\/v2\/comments?post=45"}],"version-history":[{"count":15,"href":"http:\/\/babylonband.cz\/domains\/babylonband.cz\/wp-json\/wp\/v2\/pages\/45\/revisions"}],"predecessor-version":[{"id":483,"href":"http:\/\/babylonband.cz\/domains\/babylonband.cz\/wp-json\/wp\/v2\/pages\/45\/revisions\/483"}],"wp:attachment":[{"href":"http:\/\/babylonband.cz\/domains\/babylonband.cz\/wp-json\/wp\/v2\/media?parent=45"}],"curies":[{"name":"wp","href":"https:\/\/api.w.org\/{rel}","templated":true}]}}